{"id":11644,"date":"2023-11-20T15:51:31","date_gmt":"2023-11-20T15:51:31","guid":{"rendered":"http:\/\/reimaginetextile.com\/contactar\/"},"modified":"2025-04-17T09:50:56","modified_gmt":"2025-04-17T09:50:56","slug":"contactar","status":"publish","type":"page","link":"https:\/\/reimaginetextile.com\/es\/contactar\/","title":{"rendered":"Contactar"},"content":{"rendered":"\t\t<div data-elementor-type=\"wp-page\" data-elementor-id=\"11644\" class=\"elementor elementor-11644 elementor-401\">\n\t\t\t\t<div class=\"elementor-element elementor-element-517dada e-con-full e-flex e-con e-parent\" data-id=\"517dada\" data-element_type=\"container\" data-e-type=\"container\" data-settings=\"{&quot;background_background&quot;:&quot;classic&quot;,&quot;tc_container_hover_selector&quot;:&quot;container&quot;,&quot;tc_container_background_parallax&quot;:&quot;no&quot;,&quot;tcg_advanced_hover&quot;:&quot;no&quot;,&quot;tc_dark_mode_responsive_hide_in_dark&quot;:&quot;no&quot;,&quot;tc_dark_mode_responsive_hide_in_light&quot;:&quot;no&quot;}\">\n\t\t\t\t<div class=\"elementor-element elementor-element-47b94c2 map-default map-default elementor-widget elementor-widget-google_maps\" data-id=\"47b94c2\" data-element_type=\"widget\" data-e-type=\"widget\" data-settings=\"{&quot;tc_dark_mode_responsive_hide_in_dark&quot;:&quot;no&quot;,&quot;tc_dark_mode_responsive_hide_in_light&quot;:&quot;no&quot;}\" data-widget_type=\"google_maps.default\">\n\t\t\t\t<div class=\"elementor-widget-container\">\n\t\t\t\t\t\t\t<div class=\"elementor-custom-embed\">\n\t\t\t<iframe\n\t\t\t\t\tdata-src=\"https:\/\/maps.google.com\/maps?q=%20Parc%20Cient%C3%ADfic%20i%20de%20la%20Innovaci%C3%B3%20TecnoCampus%2C%20Carrer%20d%27Ernest%20Lluch%2C%2032-36%2C%2008302%20Matar%C3%B3%2C%20Barcelona&#038;t=m&#038;z=14&#038;output=embed&#038;iwloc=near\"\n\t\t\t\t\ttitle=\" Parc Cient\u00edfic i de la Innovaci\u00f3 TecnoCampus, Carrer d&#039;Ernest Lluch, 32-36, 08302 Matar\u00f3, Barcelona\"\n\t\t\t\t\taria-label=\" Parc Cient\u00edfic i de la Innovaci\u00f3 TecnoCampus, Carrer d&#039;Ernest Lluch, 32-36, 08302 Matar\u00f3, Barcelona\"\n\t\t\t src=\"data:image\/svg+xml;base64,PHN2ZyB3aWR0aD0iMSIgaGVpZ2h0PSIxIiB4bWxucz0iaHR0cDovL3d3dy53My5vcmcvMjAwMC9zdmciPjwvc3ZnPg==\" class=\"lazyload\" data-load-mode=\"1\"><\/iframe>\n\t\t<\/div>\n\t\t\t\t\t\t<\/div>\n\t\t\t\t<\/div>\n\t\t\t\t<\/div>\n\t\t<div class=\"elementor-element elementor-element-a978e34 e-con-full e-flex e-con e-parent\" data-id=\"a978e34\" data-element_type=\"container\" data-e-type=\"container\" data-settings=\"{&quot;background_background&quot;:&quot;classic&quot;,&quot;tc_container_hover_selector&quot;:&quot;container&quot;,&quot;tc_container_background_parallax&quot;:&quot;no&quot;,&quot;tcg_advanced_hover&quot;:&quot;no&quot;,&quot;tc_dark_mode_responsive_hide_in_dark&quot;:&quot;no&quot;,&quot;tc_dark_mode_responsive_hide_in_light&quot;:&quot;no&quot;}\">\n\t\t<div class=\"elementor-element elementor-element-53c5bf4 e-flex e-con-boxed e-con e-child\" data-id=\"53c5bf4\" data-element_type=\"container\" data-e-type=\"container\" data-settings=\"{&quot;tc_container_hover_selector&quot;:&quot;container&quot;,&quot;tc_container_background_parallax&quot;:&quot;no&quot;,&quot;tcg_advanced_hover&quot;:&quot;no&quot;,&quot;tc_dark_mode_responsive_hide_in_dark&quot;:&quot;no&quot;,&quot;tc_dark_mode_responsive_hide_in_light&quot;:&quot;no&quot;}\">\n\t\t\t\t\t<div class=\"e-con-inner\">\n\t\t<div class=\"elementor-element elementor-element-ad2d88a e-con-full e-flex e-con e-child\" data-id=\"ad2d88a\" data-element_type=\"container\" data-e-type=\"container\" data-settings=\"{&quot;tc_container_hover_selector&quot;:&quot;container&quot;,&quot;tc_container_background_parallax&quot;:&quot;no&quot;,&quot;tcg_advanced_hover&quot;:&quot;no&quot;,&quot;tc_dark_mode_responsive_hide_in_dark&quot;:&quot;no&quot;,&quot;tc_dark_mode_responsive_hide_in_light&quot;:&quot;no&quot;}\">\n\t\t<div class=\"elementor-element elementor-element-b9a373b e-con-full e-flex e-con e-child\" data-id=\"b9a373b\" data-element_type=\"container\" data-e-type=\"container\" data-settings=\"{&quot;tc_container_hover_selector&quot;:&quot;container&quot;,&quot;tc_container_background_parallax&quot;:&quot;no&quot;,&quot;tcg_advanced_hover&quot;:&quot;no&quot;,&quot;tc_dark_mode_responsive_hide_in_dark&quot;:&quot;no&quot;,&quot;tc_dark_mode_responsive_hide_in_light&quot;:&quot;no&quot;}\">\n\t\t\t\t<div class=\"elementor-element elementor-element-015baf4 elementor-widget elementor-widget-infolio-heading\" data-id=\"015baf4\" data-element_type=\"widget\" data-e-type=\"widget\" data-settings=\"{&quot;tc_dark_mode_responsive_hide_in_dark&quot;:&quot;no&quot;,&quot;tc_dark_mode_responsive_hide_in_light&quot;:&quot;no&quot;}\" data-widget_type=\"infolio-heading.default\">\n\t\t\t\t<div class=\"elementor-widget-container\">\n\t\t\t\t\t        <div class=\"infolio-heading-text d-rotate wow\">\r\n            <h2 class=\"infolio-heading elementor-size-default  rotate-text\">CONTACTA CON NOSOTROS<\/h2>        <\/div>\r\n\r\n        \t\t\t\t<\/div>\n\t\t\t\t<\/div>\n\t\t\t\t<div class=\"elementor-element elementor-element-31bf217 elementor-widget elementor-widget-infolio-heading\" data-id=\"31bf217\" data-element_type=\"widget\" data-e-type=\"widget\" data-settings=\"{&quot;tc_dark_mode_responsive_hide_in_dark&quot;:&quot;no&quot;,&quot;tc_dark_mode_responsive_hide_in_light&quot;:&quot;no&quot;}\" data-widget_type=\"infolio-heading.default\">\n\t\t\t\t<div class=\"elementor-widget-container\">\n\t\t\t\t\t        <div class=\"infolio-heading-text\">\r\n                            <a  href=\"mailto:info@reimaginetextile.com\" >\r\n            <h2 class=\"infolio-heading elementor-size-default \">info@reimaginetextile.com<\/h2>                <\/a>\r\n                    <\/div>\r\n\r\n        \t\t\t\t<\/div>\n\t\t\t\t<\/div>\n\t\t\t\t<div class=\"elementor-element elementor-element-b19c435 elementor-widget elementor-widget-heading\" data-id=\"b19c435\" data-element_type=\"widget\" data-e-type=\"widget\" data-settings=\"{&quot;tc_dark_mode_responsive_hide_in_dark&quot;:&quot;no&quot;,&quot;tc_dark_mode_responsive_hide_in_light&quot;:&quot;no&quot;}\" data-widget_type=\"heading.default\">\n\t\t\t\t<div class=\"elementor-widget-container\">\n\t\t\t\t\t<h2 class=\"elementor-heading-title elementor-size-default\"><a href=\"tel:0034931696500\">+34 93 169 65 00<\/a><\/h2>\t\t\t\t<\/div>\n\t\t\t\t<\/div>\n\t\t\t\t<div class=\"elementor-element elementor-element-de6469e elementor-widget elementor-widget-infolio-heading\" data-id=\"de6469e\" data-element_type=\"widget\" data-e-type=\"widget\" data-settings=\"{&quot;tc_dark_mode_responsive_hide_in_dark&quot;:&quot;no&quot;,&quot;tc_dark_mode_responsive_hide_in_light&quot;:&quot;no&quot;}\" data-widget_type=\"infolio-heading.default\">\n\t\t\t\t<div class=\"elementor-widget-container\">\n\t\t\t\t\t        <div class=\"infolio-heading-text\">\r\n            <h2 class=\"infolio-heading elementor-size-default \">(Tecnocampus)<\/h2>        <\/div>\r\n\r\n        \t\t\t\t<\/div>\n\t\t\t\t<\/div>\n\t\t\t\t<div class=\"elementor-element elementor-element-ccae98b elementor-widget elementor-widget-heading\" data-id=\"ccae98b\" data-element_type=\"widget\" data-e-type=\"widget\" data-settings=\"{&quot;tc_dark_mode_responsive_hide_in_dark&quot;:&quot;no&quot;,&quot;tc_dark_mode_responsive_hide_in_light&quot;:&quot;no&quot;}\" data-widget_type=\"heading.default\">\n\t\t\t\t<div class=\"elementor-widget-container\">\n\t\t\t\t\t<h2 class=\"elementor-heading-title elementor-size-default\"><a href=\"tel:0034937419100\">+34 93 741 91 00<\/a><\/h2>\t\t\t\t<\/div>\n\t\t\t\t<\/div>\n\t\t\t\t<div class=\"elementor-element elementor-element-c98929a elementor-widget elementor-widget-infolio-heading\" data-id=\"c98929a\" data-element_type=\"widget\" data-e-type=\"widget\" data-settings=\"{&quot;tc_dark_mode_responsive_hide_in_dark&quot;:&quot;no&quot;,&quot;tc_dark_mode_responsive_hide_in_light&quot;:&quot;no&quot;}\" data-widget_type=\"infolio-heading.default\">\n\t\t\t\t<div class=\"elementor-widget-container\">\n\t\t\t\t\t        <div class=\"infolio-heading-text\">\r\n            <h2 class=\"infolio-heading elementor-size-default \">(Eurecat-Matar\u00f3)<\/h2>        <\/div>\r\n\r\n        \t\t\t\t<\/div>\n\t\t\t\t<\/div>\n\t\t\t\t<div class=\"elementor-element elementor-element-91667e6 elementor-widget elementor-widget-infolio-heading\" data-id=\"91667e6\" data-element_type=\"widget\" data-e-type=\"widget\" data-settings=\"{&quot;tc_dark_mode_responsive_hide_in_dark&quot;:&quot;no&quot;,&quot;tc_dark_mode_responsive_hide_in_light&quot;:&quot;no&quot;}\" data-widget_type=\"infolio-heading.default\">\n\t\t\t\t<div class=\"elementor-widget-container\">\n\t\t\t\t\t        <div class=\"infolio-heading-text\">\r\n            <h2 class=\"infolio-heading elementor-size-default \">DIRECCI\u00d3N<\/h2>        <\/div>\r\n\r\n        \t\t\t\t<\/div>\n\t\t\t\t<\/div>\n\t\t\t\t<div class=\"elementor-element elementor-element-07af6ff elementor-widget elementor-widget-infolio-heading\" data-id=\"07af6ff\" data-element_type=\"widget\" data-e-type=\"widget\" data-settings=\"{&quot;tc_dark_mode_responsive_hide_in_dark&quot;:&quot;no&quot;,&quot;tc_dark_mode_responsive_hide_in_light&quot;:&quot;no&quot;}\" data-widget_type=\"infolio-heading.default\">\n\t\t\t\t<div class=\"elementor-widget-container\">\n\t\t\t\t\t        <div class=\"infolio-heading-text\">\r\n                            <a  href=\"https:\/\/www.google.com\/maps\/dir\/\/Parc+Cient%C3%ADfic+i+de+la+Innovaci%C3%B3+TecnoCampus,+Carrer+d'Ernest+Lluch,+32-36,+08302+Matar%C3%B3,+Barcelona\/data=!4m6!4m5!1m1!4e2!1m2!1m1!1s0x12a4b4e4323d3cdf:0x845bce4d260eea1c?sa=X&ved=1t:3061&ictx=111\" >\r\n            <h2 class=\"infolio-heading elementor-size-default \">Parque Cient\u00edfico y de Innovaci\u00f3n TecnoCampus, Calle Ernest Lluch, 32-36, 08302 Matar\u00f3, Barcelona.\n\n<\/h2>                <\/a>\r\n                    <\/div>\r\n\r\n        \t\t\t\t<\/div>\n\t\t\t\t<\/div>\n\t\t\t\t<\/div>\n\t\t<div class=\"elementor-element elementor-element-423f219 e-con-full e-flex e-con e-child\" data-id=\"423f219\" data-element_type=\"container\" data-e-type=\"container\" data-settings=\"{&quot;tc_container_hover_selector&quot;:&quot;container&quot;,&quot;tc_container_background_parallax&quot;:&quot;no&quot;,&quot;tcg_advanced_hover&quot;:&quot;no&quot;,&quot;tc_dark_mode_responsive_hide_in_dark&quot;:&quot;no&quot;,&quot;tc_dark_mode_responsive_hide_in_light&quot;:&quot;no&quot;}\">\n\t\t\t\t<div class=\"elementor-element elementor-element-4f72f69 elementor-widget elementor-widget-infolio-contact-form\" data-id=\"4f72f69\" data-element_type=\"widget\" data-e-type=\"widget\" data-settings=\"{&quot;tc_dark_mode_responsive_hide_in_dark&quot;:&quot;no&quot;,&quot;tc_dark_mode_responsive_hide_in_light&quot;:&quot;no&quot;}\" data-widget_type=\"infolio-contact-form.default\">\n\t\t\t\t<div class=\"elementor-widget-container\">\n\t\t\t\t\t            <div class=\"infolio-contact-form\">\r\n                <p class=\"wpcf7-contact-form-not-found\"><strong>Error:<\/strong> Formulario de contacto no encontrado.<\/p>            <\/div>\r\n        \t\t\t\t<\/div>\n\t\t\t\t<\/div>\n\t\t\t\t<\/div>\n\t\t\t\t<\/div>\n\t\t\t\t\t<\/div>\n\t\t\t\t<\/div>\n\t\t\t\t<\/div>\n\t\t\t\t<\/div>\n\t\t","protected":false},"excerpt":{"rendered":"<p>CONTACTA CON NOSOTROS info@reimaginetextile.com +34 93 169 65 00 (Tecnocampus) +34 93 741 91 00 (Eurecat-Matar\u00f3) DIRECCI\u00d3N Parque Cient\u00edfico y de Innovaci\u00f3n TecnoCampus, Calle Ernest Lluch, 32-36, 08302 Matar\u00f3, Barcelona. He llegit i accepto la pol\u00edtica de privacitat<\/p>\n","protected":false},"author":5,"featured_media":0,"parent":0,"menu_order":0,"comment_status":"closed","ping_status":"closed","template":"blank-builder.php","meta":{"footnotes":""},"class_list":["post-11644","page","type-page","status-publish","hentry"],"yoast_head":"<!-- This site is optimized with the Yoast SEO plugin v27.4 - https:\/\/yoast.com\/product\/yoast-seo-wordpress\/ -->\n<title>Contactar - reimaginetextile<\/title>\n<meta name=\"robots\" content=\"index, follow, max-snippet:-1, max-image-preview:large, max-video-preview:-1\" \/>\n<link rel=\"canonical\" href=\"https:\/\/reimaginetextile.com\/es\/contactar\/\" \/>\n<meta property=\"og:locale\" content=\"es_ES\" \/>\n<meta property=\"og:type\" content=\"article\" \/>\n<meta property=\"og:title\" content=\"Contactar - reimaginetextile\" \/>\n<meta property=\"og:description\" content=\"CONTACTA CON NOSOTROS info@reimaginetextile.com +34 93 169 65 00 (Tecnocampus) +34 93 741 91 00 (Eurecat-Matar\u00f3) DIRECCI\u00d3N Parque Cient\u00edfico y de Innovaci\u00f3n TecnoCampus, Calle Ernest Lluch, 32-36, 08302 Matar\u00f3, Barcelona. He llegit i accepto la pol\u00edtica de privacitat\" \/>\n<meta property=\"og:url\" content=\"https:\/\/reimaginetextile.com\/es\/contactar\/\" \/>\n<meta property=\"og:site_name\" content=\"reimaginetextile\" \/>\n<meta property=\"article:modified_time\" content=\"2025-04-17T09:50:56+00:00\" \/>\n<meta name=\"twitter:card\" content=\"summary_large_image\" \/>\n<meta name=\"twitter:label1\" content=\"Tiempo de lectura\" \/>\n\t<meta name=\"twitter:data1\" content=\"1 minuto\" \/>\n<script type=\"application\/ld+json\" class=\"yoast-schema-graph\">{\"@context\":\"https:\\\/\\\/schema.org\",\"@graph\":[{\"@type\":\"WebPage\",\"@id\":\"https:\\\/\\\/reimaginetextile.com\\\/es\\\/contactar\\\/\",\"url\":\"https:\\\/\\\/reimaginetextile.com\\\/es\\\/contactar\\\/\",\"name\":\"Contactar - reimaginetextile\",\"isPartOf\":{\"@id\":\"https:\\\/\\\/reimaginetextile.com\\\/#website\"},\"datePublished\":\"2023-11-20T15:51:31+00:00\",\"dateModified\":\"2025-04-17T09:50:56+00:00\",\"breadcrumb\":{\"@id\":\"https:\\\/\\\/reimaginetextile.com\\\/es\\\/contactar\\\/#breadcrumb\"},\"inLanguage\":\"es\",\"potentialAction\":[{\"@type\":\"ReadAction\",\"target\":[\"https:\\\/\\\/reimaginetextile.com\\\/es\\\/contactar\\\/\"]}]},{\"@type\":\"BreadcrumbList\",\"@id\":\"https:\\\/\\\/reimaginetextile.com\\\/es\\\/contactar\\\/#breadcrumb\",\"itemListElement\":[{\"@type\":\"ListItem\",\"position\":1,\"name\":\"Inici\",\"item\":\"https:\\\/\\\/reimaginetextile.com\\\/\"},{\"@type\":\"ListItem\",\"position\":2,\"name\":\"Contactar\"}]},{\"@type\":\"WebSite\",\"@id\":\"https:\\\/\\\/reimaginetextile.com\\\/#website\",\"url\":\"https:\\\/\\\/reimaginetextile.com\\\/\",\"name\":\"pre.reimaginetextile\",\"description\":\"reimaginetextile\",\"potentialAction\":[{\"@type\":\"SearchAction\",\"target\":{\"@type\":\"EntryPoint\",\"urlTemplate\":\"https:\\\/\\\/reimaginetextile.com\\\/?s={search_term_string}\"},\"query-input\":{\"@type\":\"PropertyValueSpecification\",\"valueRequired\":true,\"valueName\":\"search_term_string\"}}],\"inLanguage\":\"es\"}]}<\/script>\n<!-- \/ Yoast SEO plugin. -->","yoast_head_json":{"title":"Contactar - reimaginetextile","robots":{"index":"index","follow":"follow","max-snippet":"max-snippet:-1","max-image-preview":"max-image-preview:large","max-video-preview":"max-video-preview:-1"},"canonical":"https:\/\/reimaginetextile.com\/es\/contactar\/","og_locale":"es_ES","og_type":"article","og_title":"Contactar - reimaginetextile","og_description":"CONTACTA CON NOSOTROS info@reimaginetextile.com +34 93 169 65 00 (Tecnocampus) +34 93 741 91 00 (Eurecat-Matar\u00f3) DIRECCI\u00d3N Parque Cient\u00edfico y de Innovaci\u00f3n TecnoCampus, Calle Ernest Lluch, 32-36, 08302 Matar\u00f3, Barcelona. He llegit i accepto la pol\u00edtica de privacitat","og_url":"https:\/\/reimaginetextile.com\/es\/contactar\/","og_site_name":"reimaginetextile","article_modified_time":"2025-04-17T09:50:56+00:00","twitter_card":"summary_large_image","twitter_misc":{"Tiempo de lectura":"1 minuto"},"schema":{"@context":"https:\/\/schema.org","@graph":[{"@type":"WebPage","@id":"https:\/\/reimaginetextile.com\/es\/contactar\/","url":"https:\/\/reimaginetextile.com\/es\/contactar\/","name":"Contactar - reimaginetextile","isPartOf":{"@id":"https:\/\/reimaginetextile.com\/#website"},"datePublished":"2023-11-20T15:51:31+00:00","dateModified":"2025-04-17T09:50:56+00:00","breadcrumb":{"@id":"https:\/\/reimaginetextile.com\/es\/contactar\/#breadcrumb"},"inLanguage":"es","potentialAction":[{"@type":"ReadAction","target":["https:\/\/reimaginetextile.com\/es\/contactar\/"]}]},{"@type":"BreadcrumbList","@id":"https:\/\/reimaginetextile.com\/es\/contactar\/#breadcrumb","itemListElement":[{"@type":"ListItem","position":1,"name":"Inici","item":"https:\/\/reimaginetextile.com\/"},{"@type":"ListItem","position":2,"name":"Contactar"}]},{"@type":"WebSite","@id":"https:\/\/reimaginetextile.com\/#website","url":"https:\/\/reimaginetextile.com\/","name":"pre.reimaginetextile","description":"reimaginetextile","potentialAction":[{"@type":"SearchAction","target":{"@type":"EntryPoint","urlTemplate":"https:\/\/reimaginetextile.com\/?s={search_term_string}"},"query-input":{"@type":"PropertyValueSpecification","valueRequired":true,"valueName":"search_term_string"}}],"inLanguage":"es"}]}},"_links":{"self":[{"href":"https:\/\/reimaginetextile.com\/es\/wp-json\/wp\/v2\/pages\/11644","targetHints":{"allow":["GET"]}}],"collection":[{"href":"https:\/\/reimaginetextile.com\/es\/wp-json\/wp\/v2\/pages"}],"about":[{"href":"https:\/\/reimaginetextile.com\/es\/wp-json\/wp\/v2\/types\/page"}],"author":[{"embeddable":true,"href":"https:\/\/reimaginetextile.com\/es\/wp-json\/wp\/v2\/users\/5"}],"replies":[{"embeddable":true,"href":"https:\/\/reimaginetextile.com\/es\/wp-json\/wp\/v2\/comments?post=11644"}],"version-history":[{"count":1,"href":"https:\/\/reimaginetextile.com\/es\/wp-json\/wp\/v2\/pages\/11644\/revisions"}],"predecessor-version":[{"id":11967,"href":"https:\/\/reimaginetextile.com\/es\/wp-json\/wp\/v2\/pages\/11644\/revisions\/11967"}],"wp:attachment":[{"href":"https:\/\/reimaginetextile.com\/es\/wp-json\/wp\/v2\/media?parent=11644"}],"curies":[{"name":"wp","href":"https:\/\/api.w.org\/{rel}","templated":true}]}}